{"id":9,"date":"2016-01-06T22:46:17","date_gmt":"2016-01-06T21:46:17","guid":{"rendered":"http:\/\/mpickl.meiller-medien.de\/?page_id=9"},"modified":"2018-03-14T11:13:35","modified_gmt":"2018-03-14T10:13:35","slug":"vita","status":"publish","type":"page","link":"https:\/\/michael-pickl.de\/index.php\/vita\/","title":{"rendered":"Vita"},"content":{"rendered":"<h3>Vita<\/h3>\n\n<table id=\"tablepress-1\" class=\"tablepress tablepress-id-1\">\n<tbody>\n<tr class=\"row-1\">\n\t<td class=\"column-1\">1971<\/td><td class=\"column-2\">geboren in Kastl bei Amberg<\/td>\n<\/tr>\n<tr class=\"row-2\">\n\t<td class=\"column-1\">1995 \u2013 1998<\/td><td class=\"column-2\">Ausbildung an der staatlichen Berufsfachschule f\u00fcr Holzbildhauerei in Oberammergau, Bayrischer Staatspreis f\u00fcr hervorragenden Schulabschlu\u00df<\/td>\n<\/tr>\n<tr class=\"row-3\">\n\t<td class=\"column-1\">1998 \u2013 2004<\/td><td class=\"column-2\">Studium der Bildhauerei an der Akademie der Bildenden K\u00fcnste N\u00fcrnberg bei Prof. H\u00f6pfner<\/td>\n<\/tr>\n<tr class=\"row-4\">\n\t<td class=\"column-1\">2001<\/td><td class=\"column-2\">Gastsemester an der Hochschule f\u00fcr Kunst und Design, Burg Giebichenstein, Halle, bei Prof. Bernd G\u00f6bel<\/td>\n<\/tr>\n<tr class=\"row-5\">\n\t<td class=\"column-1\">2002<\/td><td class=\"column-2\">Meistersch\u00fcler<\/td>\n<\/tr>\n<tr class=\"row-6\">\n\t<td class=\"column-1\">2005<\/td><td class=\"column-2\">Beendigung des Studiums mit ausgezeichnetem Abschlu\u00df<br \/>\n<\/td>\n<\/tr>\n<tr class=\"row-7\">\n\t<td class=\"column-1\">seit 2005<\/td><td class=\"column-2\">freischaffend t\u00e4tig<\/td>\n<\/tr>\n<tr class=\"row-8\">\n\t<td class=\"column-1\">seit 2012<\/td><td class=\"column-2\">Dozent an der internationalen Sommerakademie \"Bildwerk\" in Frauenau<\/td>\n<\/tr>\n<tr class=\"row-9\">\n\t<td class=\"column-1\">seit 2013<\/td><td class=\"column-2\">Mitveranstalter der Kastler Kunsttage<\/td>\n<\/tr>\n<tr class=\"row-10\">\n\t<td class=\"column-1\"><\/td><td class=\"column-2\"><\/td>\n<\/tr>\n<tr class=\"row-11\">\n\t<td class=\"column-1\"><\/td><td class=\"column-2\">Lebt mit seiner Familie in der Oberpfalz<\/td>\n<\/tr>\n<\/tbody>\n<\/table>\n<!-- #tablepress-1 from cache -->\n<h3>Ausstellungen und Preise (Auswahl)<\/h3>\n\n<table id=\"tablepress-2\" class=\"tablepress tablepress-id-2\">\n<tbody>\n<tr class=\"row-1\">\n\t<td class=\"column-1\">2026<\/td><td class=\"column-2\">art Karlsruhe, Steinberger Galerien<br \/>\nKunsttage, Galerie Alte Brennerei Ebersberg<\/td>\n<\/tr>\n<tr class=\"row-2\">\n\t<td class=\"column-1\">2025<\/td><td class=\"column-2\">Frauen im Fokus, Kunsthaus Maxart, Iphofen<br \/>\nSommerausstellung 2025, Kunst Herrmann, Neumarkt<\/td>\n<\/tr>\n<tr class=\"row-3\">\n\t<td class=\"column-1\">2024<\/td><td class=\"column-2\">Down to Art, Galerie Belgien<br \/>\nKunsttage im Gut Georgenberg<\/td>\n<\/tr>\n<tr class=\"row-4\">\n\t<td class=\"column-1\">2023<\/td><td class=\"column-2\">Heiliger Sebastian f\u00fcr die Polizeihochschule in Kastl<br \/>\nGalerie Kunst Herrmann; \"art Karlsruhe\" 2019-22<br \/>\nGalerie Kunst Herrmann; Sommernachtvernissage mit Alexandra Hiltl<br \/>\nAusstellung im Museum \"Beim Taubnschuster\" in Eschenbach, \"Poetische Figuren in Holz\"<\/td>\n<\/tr>\n<tr class=\"row-5\">\n\t<td class=\"column-1\">2022<\/td><td class=\"column-2\">Kastler Kunsttage 2022 <br \/>\nStadtgalerie Bad Soden im Taunus, mit Puck Steinbrecher<br \/>\nHolzArtXXIV Symposium, Mitwitz<\/td>\n<\/tr>\n<tr class=\"row-6\">\n\t<td class=\"column-1\">2021<\/td><td class=\"column-2\">Galerie KunstHerrmann Neumarkt, Einzelausstellung<br \/>\nGalerie Hegemann \u201eSense of Life\u201c, M\u00fcnchen, mit N. Cox, S. Liebchen<\/td>\n<\/tr>\n<tr class=\"row-7\">\n\t<td class=\"column-1\">2020<\/td><td class=\"column-2\">Galerie Kunst Herrmann \u201eart karlsruhe\u201c<\/td>\n<\/tr>\n<tr class=\"row-8\">\n\t<td class=\"column-1\">2019<\/td><td class=\"column-2\">Kastler Kunsttage 2019<br \/>\nGalerie Steinberger, Langenargen Bodensee<br \/>\nKunst Herrmann \u201eMensch\u201c, Neumarkt, mit Alexandra Hiltl<br \/>\nKunsttage im Gut Georgenberg<\/td>\n<\/tr>\n<tr class=\"row-9\">\n\t<td class=\"column-1\">2018<\/td><td class=\"column-2\">\"Affordable Art Fair\" Hamburg, gr\u00e4fe art.concept, Berlin<br \/>\n\"Kunst und Kultur am Dachsberg\" R\u00fcckersdorf mit Bernd B\u00f6hner<br \/>\n\"Kunsttage\" Gut Georgenberg<br \/>\n\"art Karlsruhe Review\" Kunst Herrmann<br \/>\n\"Winter Exhibition\" Alan Kluckow Fine Art, Sunningdale<br \/>\nKunst im Turm, Freystadt, mit Alexandra Hiltl<br \/>\nHolzArtXXI Symposium, Kronach<\/td>\n<\/tr>\n<tr class=\"row-10\">\n\t<td class=\"column-1\">2017<\/td><td class=\"column-2\">gr\u00e4fe art.concept, Berlin, Einzelausstellung<br \/>\nKunst Herrmann Neumarkt, mit Karin Allar<br \/>\n\"3 dimensions\" Galerie Hegemann, M\u00fcnchen, mit Jesus Curia und Christian Peschke<br \/>\n<\/td>\n<\/tr>\n<tr class=\"row-11\">\n\t<td class=\"column-1\">2016<\/td><td class=\"column-2\">\u201eMoments\u201c Galerie Hegemann, M\u00fcnchen mit Nigel Cox<br \/>\n\"Kastler Kunsttage\", im Steinstadel Kastl<br \/>\n<\/td>\n<\/tr>\n<tr class=\"row-12\">\n\t<td class=\"column-1\">2015<\/td><td class=\"column-2\">Galerie Kaphammel, Braunschweig, Einzelausstellung mit Maggie L\u00fctjens<br \/>\n\"SPLISH SPLASH\"Kunst Herrman, Neumarkt<\/td>\n<\/tr>\n<tr class=\"row-13\">\n\t<td class=\"column-1\">2014<\/td><td class=\"column-2\">Kulturschlo\u00df Theuern, Theuern, Einzelausstellung<br \/>\n\"Menschenskinder\", Galerie Aspekt, Neustadt an der Weinstra\u00dfe <br \/>\nKunst Herrmann, Neumarkt, mit Antje Wichtrey<br \/>\n\"KUNST INN AU\", Gars am Inn, Michaela Schulte, Stefan Kleinnhans<br \/>\n\"Art fair\" K\u00f6ln, Galerie Hegemann<\/td>\n<\/tr>\n<tr class=\"row-14\">\n\t<td class=\"column-1\">2013<\/td><td class=\"column-2\">\"Thambacher Kunsttage\" 2013<br \/>\nGalerie Hegemann, M\u00fcnchen, Einzelausstellung zusammen mit Jiyun Cheon, Malerei<br \/>\n\"Nackt\", Kunst Herrmann, Neumarkt<br \/>\n\"Impulse\" Produzentengalerie Landshut, Einzelausstellung mit Waltraud Danzig, Manfred Fronske<\/td>\n<\/tr>\n<tr class=\"row-15\">\n\t<td class=\"column-1\">2012<\/td><td class=\"column-2\">Galerie Hegemann, M\u00fcnchen, Einzelausstellung<br \/>\nGalerie Kunst Herrmann, Neumarkt, zusammen mit Alexandra Hiltl, Einzelausstellung<br \/>\n\"Thambacher Kunsttage\" 2012<br \/>\nFoyergalerie Rednitzhembach, Einzelausstellung<br \/>\nGalerie Neue Kunst, Amberg, zusammen mit Doris M. W\u00fcrgert, Einzelausstellung<\/td>\n<\/tr>\n<tr class=\"row-16\">\n\t<td class=\"column-1\">2011<\/td><td class=\"column-2\">\"MenschensKinder\" Museumsquartier, Tirschenreuth<br \/>\n\"Michael Pickl - Skulpturen\", Galerie LS, N\u00fcrnberg, Einzelausstellung<br \/>\nGalerie Lichtblick21, M\u00fcnchen, Einzelausstellung<br \/>\n\"Thambacher Kunsttage\" 2011<br \/>\nNeuer Kunst Salon 2011, Haus der Kunst M\u00fcnchen<\/td>\n<\/tr>\n<tr class=\"row-17\">\n\t<td class=\"column-1\">2010<\/td><td class=\"column-2\">Galerie Kunst Hermann, Neumarkt, Einzelausstellung<br \/>\nGalerie Sculptur, Bamberg, Einzelausstellung<br \/>\n\"Thambacher Kunsttage\" 2010<br \/>\nKunstsalon 2010, Haus der Kunst, M\u00fcnchen<br \/>\nKunst und Kultur zu Hohenaschau, Jahresausstellung<\/td>\n<\/tr>\n<tr class=\"row-18\">\n\t<td class=\"column-1\">2009<\/td><td class=\"column-2\">K\u00fcnstlerische Gestaltung der Glocken f\u00fcr die Klosterkirche St. Peter in Kastl<br \/>\n\"Vom Jura zum Kaolin\", Schnaittenbach<br \/>\nSonderausstellung Michael Pickl, Kunst im Gut<br \/>\n\"Thambacher Kunsttage\" 2009<br \/>\nNN Kunstpreis, Teilnahme<\/td>\n<\/tr>\n<tr class=\"row-19\">\n\t<td class=\"column-1\">2008<\/td><td class=\"column-2\">\"Neuer Kunst Salon\" 2008, Haus der Kunst, M\u00fcnchen<br \/>\n\"Menschentr\u00e4ume\", Treffpunkt Kunst, Ottobunn, Einzelausstellung<br \/>\nKatalogf\u00f6rderung, LfA F\u00f6rderbank Bayern<\/td>\n<\/tr>\n<tr class=\"row-20\">\n\t<td class=\"column-1\">2007<\/td><td class=\"column-2\">\"leben eben!\", Galerie Kunstraum-Sutter-Kress, Einzelausstellung<br \/>\nMichael Pickl bei Galerie Hirmer und Hirmer, Einzelausstellung<br \/>\n\"Neuer Kunstsalon\" 2007, Haus der Kunst, M\u00fcnchen<br \/>\n10 Jahre Galerie Aigenart, Oberammergau<\/td>\n<\/tr>\n<tr class=\"row-21\">\n\t<td class=\"column-1\">2006<\/td><td class=\"column-2\">\"Weltenburger Spuren\" \u2013 Eine Dokumentation<br \/>\nDG Deutsche Gesellschaft f\u00fcr christliche Kunst e.V in M\u00fcnchen und Benediktinerabtei Stift Kremsm\u00fcnster<br \/>\nKunstweg Rednitzhembach, Symposium<\/td>\n<\/tr>\n<tr class=\"row-22\">\n\t<td class=\"column-1\">2005<\/td><td class=\"column-2\">\"Mensch\", Galerie Kunstraum Sutter-Kress, Einzelausstellung<br \/>\n\"Raus\" 2005, Absolventenausstellung der AdBK, N\u00fcrnberg<br \/>\n\"Impulse 2\", Landskron-Schneidzik, Galerie und Kunstagentur<br \/>\nWeltenburger Spuren, Symposium<\/td>\n<\/tr>\n<tr class=\"row-23\">\n\t<td class=\"column-1\">2004<\/td><td class=\"column-2\">\"Hautnah\", Haus der Kunst, M\u00fcnchen<br \/>\nBeendigung des Studiums mit ausgezeichnetem Abschluss<br \/>\nSkulpturenland Reitbrook, Freilandausstellung in Hamburg<br \/>\n\"Reaktion\", AdBK, N\u00fcrnberg<\/td>\n<\/tr>\n<tr class=\"row-24\">\n\t<td class=\"column-1\">2003<\/td><td class=\"column-2\">Ausstellung in der B\u00fcrgerhausgalerie Schwabach, zusammen mit Bodo Rott, Einzelausstellung<br \/>\nJahresausstellung Kunstkreis Jura e.V.<br \/>\nRednitzhembacher Kunstweg, Symposium<\/td>\n<\/tr>\n<tr class=\"row-25\">\n\t<td class=\"column-1\">2002<\/td><td class=\"column-2\">\"Starke Frauen\", Landratsamt Neumarkt<br \/>\nKalender Junge Kunst in Bayern der LfA F\u00f6rderbank Bayern<\/td>\n<\/tr>\n<tr class=\"row-26\">\n\t<td class=\"column-1\">2001<\/td><td class=\"column-2\">Ausstellung NN-Kunstpreis, N\u00fcrnberg<\/td>\n<\/tr>\n<tr class=\"row-27\">\n\t<td class=\"column-1\">1998<\/td><td class=\"column-2\">Bayerischer Staatspreis f\u00fcr hervorragenden Schulabschlu\u00df<\/td>\n<\/tr>\n<tr class=\"row-28\">\n\t<td class=\"column-1\">1997<\/td><td class=\"column-2\">Jahresausstellung K\u00fcnstlerbund Garmisch-Partenkirchen<br \/>\n1. Preis Dannerwettbewerb, Fachschule f\u00fcr Holzbildhauerei <\/td>\n<\/tr>\n<\/tbody>\n<\/table>\n<!-- #tablepress-2 from cache -->","protected":false},"excerpt":{"rendered":"<p>Vita Ausstellungen und Preise (Auswahl)<\/p>\n","protected":false},"author":1,"featured_media":0,"parent":0,"menu_order":0,"comment_status":"closed","ping_status":"closed","template":"","meta":[],"_links":{"self":[{"href":"https:\/\/michael-pickl.de\/index.php\/wp-json\/wp\/v2\/pages\/9"}],"collection":[{"href":"https:\/\/michael-pickl.de\/index.php\/wp-json\/wp\/v2\/pages"}],"about":[{"href":"https:\/\/michael-pickl.de\/index.php\/wp-json\/wp\/v2\/types\/page"}],"author":[{"embeddable":true,"href":"https:\/\/michael-pickl.de\/index.php\/wp-json\/wp\/v2\/users\/1"}],"replies":[{"embeddable":true,"href":"https:\/\/michael-pickl.de\/index.php\/wp-json\/wp\/v2\/comments?post=9"}],"version-history":[{"count":22,"href":"https:\/\/michael-pickl.de\/index.php\/wp-json\/wp\/v2\/pages\/9\/revisions"}],"predecessor-version":[{"id":940,"href":"https:\/\/michael-pickl.de\/index.php\/wp-json\/wp\/v2\/pages\/9\/revisions\/940"}],"wp:attachment":[{"href":"https:\/\/michael-pickl.de\/index.php\/wp-json\/wp\/v2\/media?parent=9"}],"curies":[{"name":"wp","href":"https:\/\/api.w.org\/{rel}","templated":true}]}}